{"id":590,"date":"2025-07-14T13:26:10","date_gmt":"2025-07-14T16:26:10","guid":{"rendered":"https:\/\/cersulpetshop.com.br\/produtos\/?post_type=product&#038;p=590"},"modified":"2025-07-14T13:26:11","modified_gmt":"2025-07-14T16:26:11","slug":"racao-biofresh-salmao-15kg","status":"publish","type":"product","link":"https:\/\/cersulpetshop.com.br\/produtos\/?product=racao-biofresh-salmao-15kg","title":{"rendered":"RA\u00c7\u00c3O BIOFRESH SALM\u00c3O 1,5KG"},"content":{"rendered":"<ul>\n<li>Feita especialmente para gatos castrados;<\/li>\n<li>Ingredientes selecionados e frescos;<\/li>\n<li>Grain Free;<\/li>\n<li>Sem adi\u00e7\u00e3o de conservantes artificiais;<\/li>\n<li>Fezes firmes e com odor reduzido.<\/li>\n<\/ul>\n","protected":false},"excerpt":{"rendered":"<p>Feita especialmente para gatos castrados; Ingredientes selecionados e frescos; Grain Free; Sem adi\u00e7\u00e3o de conservantes artificiais; Fezes firmes e com odor reduzido.<\/p>\n","protected":false},"featured_media":591,"comment_status":"open","ping_status":"closed","template":"","meta":[],"product_brand":[],"product_cat":[83,72],"product_tag":[],"class_list":{"0":"post-590","1":"product","2":"type-product","3":"status-publish","4":"has-post-thumbnail","6":"product_cat-gatos-castrado","7":"product_cat-racoes-gatos","9":"first","10":"instock","11":"shipping-taxable","12":"purchasable","13":"product-type-simple"},"_links":{"self":[{"href":"https:\/\/cersulpetshop.com.br\/produtos\/index.php?rest_route=\/wp\/v2\/product\/590","targetHints":{"allow":["GET"]}}],"collection":[{"href":"https:\/\/cersulpetshop.com.br\/produtos\/index.php?rest_route=\/wp\/v2\/product"}],"about":[{"href":"https:\/\/cersulpetshop.com.br\/produtos\/index.php?rest_route=\/wp\/v2\/types\/product"}],"replies":[{"embeddable":true,"href":"https:\/\/cersulpetshop.com.br\/produtos\/index.php?rest_route=%2Fwp%2Fv2%2Fcomments&post=590"}],"wp:featuredmedia":[{"embeddable":true,"href":"https:\/\/cersulpetshop.com.br\/produtos\/index.php?rest_route=\/wp\/v2\/media\/591"}],"wp:attachment":[{"href":"https:\/\/cersulpetshop.com.br\/produtos\/index.php?rest_route=%2Fwp%2Fv2%2Fmedia&parent=590"}],"wp:term":[{"taxonomy":"product_brand","embeddable":true,"href":"https:\/\/cersulpetshop.com.br\/produtos\/index.php?rest_route=%2Fwp%2Fv2%2Fproduct_brand&post=590"},{"taxonomy":"product_cat","embeddable":true,"href":"https:\/\/cersulpetshop.com.br\/produtos\/index.php?rest_route=%2Fwp%2Fv2%2Fproduct_cat&post=590"},{"taxonomy":"product_tag","embeddable":true,"href":"https:\/\/cersulpetshop.com.br\/produtos\/index.php?rest_route=%2Fwp%2Fv2%2Fproduct_tag&post=590"}],"curies":[{"name":"wp","href":"https:\/\/api.w.org\/{rel}","templated":true}]}}