{"id":598,"date":"2025-07-14T13:35:00","date_gmt":"2025-07-14T16:35:00","guid":{"rendered":"https:\/\/cersulpetshop.com.br\/produtos\/?post_type=product&#038;p=598"},"modified":"2025-07-14T13:35:01","modified_gmt":"2025-07-14T16:35:01","slug":"racao-golden-carne-1kg-2","status":"publish","type":"product","link":"https:\/\/cersulpetshop.com.br\/produtos\/?product=racao-golden-carne-1kg-2","title":{"rendered":"RA\u00c7\u00c3O GOLDEN CARNE 1KG"},"content":{"rendered":"<ul>\n<li>Indicado para gatos castrados;<\/li>\n<li>Controla o ganho de peso;<\/li>\n<li>Altamente palat\u00e1vel;<\/li>\n<li>Trato urin\u00e1rio saud\u00e1vel;<\/li>\n<li>Auxilia na redu\u00e7\u00e3o do odor das fezes.<\/li>\n<\/ul>\n","protected":false},"excerpt":{"rendered":"<p>Indicado para gatos castrados; Controla o ganho de peso; Altamente palat\u00e1vel; Trato urin\u00e1rio saud\u00e1vel; Auxilia na redu\u00e7\u00e3o do odor das fezes.<\/p>\n","protected":false},"featured_media":599,"comment_status":"open","ping_status":"closed","template":"","meta":[],"product_brand":[],"product_cat":[83,72],"product_tag":[],"class_list":{"0":"post-598","1":"product","2":"type-product","3":"status-publish","4":"has-post-thumbnail","6":"product_cat-gatos-castrado","7":"product_cat-racoes-gatos","9":"first","10":"instock","11":"shipping-taxable","12":"purchasable","13":"product-type-simple"},"_links":{"self":[{"href":"https:\/\/cersulpetshop.com.br\/produtos\/index.php?rest_route=\/wp\/v2\/product\/598","targetHints":{"allow":["GET"]}}],"collection":[{"href":"https:\/\/cersulpetshop.com.br\/produtos\/index.php?rest_route=\/wp\/v2\/product"}],"about":[{"href":"https:\/\/cersulpetshop.com.br\/produtos\/index.php?rest_route=\/wp\/v2\/types\/product"}],"replies":[{"embeddable":true,"href":"https:\/\/cersulpetshop.com.br\/produtos\/index.php?rest_route=%2Fwp%2Fv2%2Fcomments&post=598"}],"wp:featuredmedia":[{"embeddable":true,"href":"https:\/\/cersulpetshop.com.br\/produtos\/index.php?rest_route=\/wp\/v2\/media\/599"}],"wp:attachment":[{"href":"https:\/\/cersulpetshop.com.br\/produtos\/index.php?rest_route=%2Fwp%2Fv2%2Fmedia&parent=598"}],"wp:term":[{"taxonomy":"product_brand","embeddable":true,"href":"https:\/\/cersulpetshop.com.br\/produtos\/index.php?rest_route=%2Fwp%2Fv2%2Fproduct_brand&post=598"},{"taxonomy":"product_cat","embeddable":true,"href":"https:\/\/cersulpetshop.com.br\/produtos\/index.php?rest_route=%2Fwp%2Fv2%2Fproduct_cat&post=598"},{"taxonomy":"product_tag","embeddable":true,"href":"https:\/\/cersulpetshop.com.br\/produtos\/index.php?rest_route=%2Fwp%2Fv2%2Fproduct_tag&post=598"}],"curies":[{"name":"wp","href":"https:\/\/api.w.org\/{rel}","templated":true}]}}