{"id":624,"date":"2025-07-14T14:04:14","date_gmt":"2025-07-14T17:04:14","guid":{"rendered":"https:\/\/cersulpetshop.com.br\/produtos\/?post_type=product&#038;p=624"},"modified":"2025-08-11T08:52:46","modified_gmt":"2025-08-11T11:52:46","slug":"racao-royal-canin-renal-15kg","status":"publish","type":"product","link":"https:\/\/cersulpetshop.com.br\/produtos\/?product=racao-royal-canin-renal-15kg","title":{"rendered":"RA\u00c7\u00c3O ROYAL CANIN RENAL 1,5KG"},"content":{"rendered":"<p>A Ra\u00e7\u00e3o Royal Canin Veterinary Renal \u00e9 um alimento coadjuvante para gatos formulado para o suporte \u00e0 fun\u00e7\u00e3o renal em caso de doen\u00e7a renal cr\u00f4nica, reduzindo a forma\u00e7\u00e3o de c\u00e1lculos de oxalato quando a fun\u00e7\u00e3o renal est\u00e1 comprometida.<\/p>\n","protected":false},"excerpt":{"rendered":"<p>A Ra\u00e7\u00e3o Royal Canin Veterinary Renal \u00e9 um alimento coadjuvante para gatos formulado para o suporte \u00e0 fun\u00e7\u00e3o renal em caso de doen\u00e7a renal cr\u00f4nica, reduzindo a forma\u00e7\u00e3o de c\u00e1lculos de oxalato quando a fun\u00e7\u00e3o renal est\u00e1 comprometida.<\/p>\n","protected":false},"featured_media":625,"comment_status":"open","ping_status":"closed","template":"","meta":[],"product_brand":[],"product_cat":[88,72],"product_tag":[],"class_list":{"0":"post-624","1":"product","2":"type-product","3":"status-publish","4":"has-post-thumbnail","6":"product_cat-nutricao-clinica-racoes-gatos","7":"product_cat-racoes-gatos","9":"first","10":"instock","11":"shipping-taxable","12":"purchasable","13":"product-type-simple"},"_links":{"self":[{"href":"https:\/\/cersulpetshop.com.br\/produtos\/index.php?rest_route=\/wp\/v2\/product\/624","targetHints":{"allow":["GET"]}}],"collection":[{"href":"https:\/\/cersulpetshop.com.br\/produtos\/index.php?rest_route=\/wp\/v2\/product"}],"about":[{"href":"https:\/\/cersulpetshop.com.br\/produtos\/index.php?rest_route=\/wp\/v2\/types\/product"}],"replies":[{"embeddable":true,"href":"https:\/\/cersulpetshop.com.br\/produtos\/index.php?rest_route=%2Fwp%2Fv2%2Fcomments&post=624"}],"wp:featuredmedia":[{"embeddable":true,"href":"https:\/\/cersulpetshop.com.br\/produtos\/index.php?rest_route=\/wp\/v2\/media\/625"}],"wp:attachment":[{"href":"https:\/\/cersulpetshop.com.br\/produtos\/index.php?rest_route=%2Fwp%2Fv2%2Fmedia&parent=624"}],"wp:term":[{"taxonomy":"product_brand","embeddable":true,"href":"https:\/\/cersulpetshop.com.br\/produtos\/index.php?rest_route=%2Fwp%2Fv2%2Fproduct_brand&post=624"},{"taxonomy":"product_cat","embeddable":true,"href":"https:\/\/cersulpetshop.com.br\/produtos\/index.php?rest_route=%2Fwp%2Fv2%2Fproduct_cat&post=624"},{"taxonomy":"product_tag","embeddable":true,"href":"https:\/\/cersulpetshop.com.br\/produtos\/index.php?rest_route=%2Fwp%2Fv2%2Fproduct_tag&post=624"}],"curies":[{"name":"wp","href":"https:\/\/api.w.org\/{rel}","templated":true}]}}