{"id":663,"date":"2025-07-22T15:42:08","date_gmt":"2025-07-22T18:42:08","guid":{"rendered":"https:\/\/cersulpetshop.com.br\/produtos\/?post_type=product&#038;p=663"},"modified":"2026-04-16T09:45:52","modified_gmt":"2026-04-16T12:45:52","slug":"racao-premier-splitz-alemcao-frango-1kg","status":"publish","type":"product","link":"https:\/\/cersulpetshop.com.br\/produtos\/?product=racao-premier-splitz-alemcao-frango-1kg","title":{"rendered":"PREMIER SPITZ ALEM\u00c7\u00c3O FILHOTE 1KG"},"content":{"rendered":"<p>Ra\u00e7\u00e3o Premier C\u00e3es Adultos Ra\u00e7a Spitz Alem\u00e3o Sabor Frango 1kg<\/p>\n<p>Cada ra\u00e7a possui suas particularidades e se beneficia de cuidados especiais. Pensando nestas necessidades a PremieRpet criou Premier Ra\u00e7as Espec\u00edficas, a primeira linha mundial de nutri\u00e7\u00e3o espec\u00edfica para ra\u00e7as.<\/p>\n<p>Desenvolvida com ingredientes nobres e alta tecnologia, Premier Ra\u00e7as Espec\u00edficas oferece benef\u00edcios exclusivos que visam minimizar os principais problemas de sa\u00fade das ra\u00e7as e auxiliar para o pleno desenvolvimento de suas caracter\u00edsticas t\u00edpicas desej\u00e1veis.<\/p>\n<p>PremieR Spitz Alem\u00e3o foi formulada a partir deste conceito e oferece tudo o que esta ra\u00e7a precisa para manter sua sa\u00fade e beleza.<\/p>\n<p>Oferece ainda redu\u00e7\u00e3o do volume e odor de fezes minimizando poss\u00edveis inconvenientes de uma conviv\u00eancia t\u00e3o pr\u00f3xima entre os c\u00e3es e seus propriet\u00e1rios.<\/p>\n","protected":false},"excerpt":{"rendered":"<p>Ra\u00e7\u00e3o Premier C\u00e3es Adultos Ra\u00e7a Spitz Alem\u00e3o Sabor Frango 1kg Cada ra\u00e7a possui suas particularidades e se beneficia de cuidados especiais. Pensando nestas necessidades a PremieRpet criou Premier Ra\u00e7as Espec\u00edficas, a primeira linha mundial de nutri\u00e7\u00e3o espec\u00edfica para ra\u00e7as. Desenvolvida com ingredientes nobres e alta tecnologia, Premier Ra\u00e7as Espec\u00edficas oferece benef\u00edcios exclusivos que visam minimizar [&hellip;]<\/p>\n","protected":false},"featured_media":664,"comment_status":"open","ping_status":"closed","template":"","meta":[],"product_brand":[],"product_cat":[81,71],"product_tag":[],"class_list":{"0":"post-663","1":"product","2":"type-product","3":"status-publish","4":"has-post-thumbnail","6":"product_cat-caes-filhote","7":"product_cat-racoes-caes","9":"first","10":"instock","11":"shipping-taxable","12":"purchasable","13":"product-type-simple"},"_links":{"self":[{"href":"https:\/\/cersulpetshop.com.br\/produtos\/index.php?rest_route=\/wp\/v2\/product\/663","targetHints":{"allow":["GET"]}}],"collection":[{"href":"https:\/\/cersulpetshop.com.br\/produtos\/index.php?rest_route=\/wp\/v2\/product"}],"about":[{"href":"https:\/\/cersulpetshop.com.br\/produtos\/index.php?rest_route=\/wp\/v2\/types\/product"}],"replies":[{"embeddable":true,"href":"https:\/\/cersulpetshop.com.br\/produtos\/index.php?rest_route=%2Fwp%2Fv2%2Fcomments&post=663"}],"wp:featuredmedia":[{"embeddable":true,"href":"https:\/\/cersulpetshop.com.br\/produtos\/index.php?rest_route=\/wp\/v2\/media\/664"}],"wp:attachment":[{"href":"https:\/\/cersulpetshop.com.br\/produtos\/index.php?rest_route=%2Fwp%2Fv2%2Fmedia&parent=663"}],"wp:term":[{"taxonomy":"product_brand","embeddable":true,"href":"https:\/\/cersulpetshop.com.br\/produtos\/index.php?rest_route=%2Fwp%2Fv2%2Fproduct_brand&post=663"},{"taxonomy":"product_cat","embeddable":true,"href":"https:\/\/cersulpetshop.com.br\/produtos\/index.php?rest_route=%2Fwp%2Fv2%2Fproduct_cat&post=663"},{"taxonomy":"product_tag","embeddable":true,"href":"https:\/\/cersulpetshop.com.br\/produtos\/index.php?rest_route=%2Fwp%2Fv2%2Fproduct_tag&post=663"}],"curies":[{"name":"wp","href":"https:\/\/api.w.org\/{rel}","templated":true}]}}