{"id":671,"date":"2025-07-22T15:57:17","date_gmt":"2025-07-22T18:57:17","guid":{"rendered":"https:\/\/cersulpetshop.com.br\/produtos\/?post_type=product&#038;p=671"},"modified":"2026-04-16T09:42:00","modified_gmt":"2026-04-16T12:42:00","slug":"racao-premier-shih-tzu-frango-25kg","status":"publish","type":"product","link":"https:\/\/cersulpetshop.com.br\/produtos\/?product=racao-premier-shih-tzu-frango-25kg","title":{"rendered":"PREMIER SHIH TZU FILHOTES 2,5KG"},"content":{"rendered":"<p>Cada ra\u00e7a possui suas particularidades e precisa de cuidados especiais. Para elas, existe Premier Ra\u00e7as Espec\u00edficas, a primeira linha mundial que garante uma nutri\u00e7\u00e3o espec\u00edfica para seu c\u00e3o. Desenvolvida com ingredientes nobres e alta tecnologia, Premier Ra\u00e7as Espec\u00edficas oferece benef\u00edcios exclusivos que suprem as necessidades nutricionais de cada ra\u00e7a. Confira se a ra\u00e7a do seu c\u00e3o \u00e9 atendida pela linha.NUTRI\u00c7\u00c3O ESPEC\u00cdFICA<\/p>\n<p>Formato especial do gr\u00e3o que facilita a preens\u00e3o por c\u00e3es braquicef\u00e1licos. Pelagem bonita e pele saud\u00e1vel atrav\u00e9s de \u00e1cidos graxos essenciais \u00f4megas 3 e 6, biotina e zinco.<\/p>\n<p>SA\u00daDE INTESTINAL<\/p>\n<p>Atrav\u00e9s da combina\u00e7\u00e3o de ingredientes de alta digestibilidade, fibras especiais e prebi\u00f3ticos.<\/p>\n<p>DESENVOLVIMENTO EXCELENTE<\/p>\n<p>N\u00edveis \u00f3timos de prote\u00ednas, vitaminas e minerais. Enriquecido com DHA, \u00f4mega 3 essencial aos filhotes.<\/p>\n<p>ODOR E VOLUME DE FEZES REDUZIDOS<\/p>\n","protected":false},"excerpt":{"rendered":"<p>Cada ra\u00e7a possui suas particularidades e precisa de cuidados especiais. Para elas, existe Premier Ra\u00e7as Espec\u00edficas, a primeira linha mundial que garante uma nutri\u00e7\u00e3o espec\u00edfica para seu c\u00e3o. Desenvolvida com ingredientes nobres e alta tecnologia, Premier Ra\u00e7as Espec\u00edficas oferece benef\u00edcios exclusivos que suprem as necessidades nutricionais de cada ra\u00e7a. Confira se a ra\u00e7a do seu [&hellip;]<\/p>\n","protected":false},"featured_media":672,"comment_status":"open","ping_status":"closed","template":"","meta":[],"product_brand":[],"product_cat":[81,71],"product_tag":[],"class_list":{"0":"post-671","1":"product","2":"type-product","3":"status-publish","4":"has-post-thumbnail","6":"product_cat-caes-filhote","7":"product_cat-racoes-caes","9":"first","10":"instock","11":"shipping-taxable","12":"purchasable","13":"product-type-simple"},"_links":{"self":[{"href":"https:\/\/cersulpetshop.com.br\/produtos\/index.php?rest_route=\/wp\/v2\/product\/671","targetHints":{"allow":["GET"]}}],"collection":[{"href":"https:\/\/cersulpetshop.com.br\/produtos\/index.php?rest_route=\/wp\/v2\/product"}],"about":[{"href":"https:\/\/cersulpetshop.com.br\/produtos\/index.php?rest_route=\/wp\/v2\/types\/product"}],"replies":[{"embeddable":true,"href":"https:\/\/cersulpetshop.com.br\/produtos\/index.php?rest_route=%2Fwp%2Fv2%2Fcomments&post=671"}],"wp:featuredmedia":[{"embeddable":true,"href":"https:\/\/cersulpetshop.com.br\/produtos\/index.php?rest_route=\/wp\/v2\/media\/672"}],"wp:attachment":[{"href":"https:\/\/cersulpetshop.com.br\/produtos\/index.php?rest_route=%2Fwp%2Fv2%2Fmedia&parent=671"}],"wp:term":[{"taxonomy":"product_brand","embeddable":true,"href":"https:\/\/cersulpetshop.com.br\/produtos\/index.php?rest_route=%2Fwp%2Fv2%2Fproduct_brand&post=671"},{"taxonomy":"product_cat","embeddable":true,"href":"https:\/\/cersulpetshop.com.br\/produtos\/index.php?rest_route=%2Fwp%2Fv2%2Fproduct_cat&post=671"},{"taxonomy":"product_tag","embeddable":true,"href":"https:\/\/cersulpetshop.com.br\/produtos\/index.php?rest_route=%2Fwp%2Fv2%2Fproduct_tag&post=671"}],"curies":[{"name":"wp","href":"https:\/\/api.w.org\/{rel}","templated":true}]}}