{"id":673,"date":"2025-07-22T16:01:23","date_gmt":"2025-07-22T19:01:23","guid":{"rendered":"https:\/\/cersulpetshop.com.br\/produtos\/?post_type=product&#038;p=673"},"modified":"2026-04-16T11:26:38","modified_gmt":"2026-04-16T14:26:38","slug":"racao-premier-yorkshire-frango-25kg","status":"publish","type":"product","link":"https:\/\/cersulpetshop.com.br\/produtos\/?product=racao-premier-yorkshire-frango-25kg","title":{"rendered":"PREMIER YORKSHIRE FILHOTE 2,5KG"},"content":{"rendered":"<ul>\n<li>Este produto \u00e9 indicado para c\u00e3es filhotes da ra\u00e7a Yorkshire Terrier desde o desmame at\u00e9 a idade adulta.<\/li>\n<li>Por se tratar de um alimento completo, balanceado e rico em nutrientes, pode ser utilizado por f\u00eameas no ter\u00e7o final de gesta\u00e7\u00e3o e em lacta\u00e7\u00e3o.<\/li>\n<li>N\u00e3o recomendamos nenhum tipo de suplementa\u00e7\u00e3o.<\/li>\n<\/ul>\n","protected":false},"excerpt":{"rendered":"<p>Este produto \u00e9 indicado para c\u00e3es filhotes da ra\u00e7a Yorkshire Terrier desde o desmame at\u00e9 a idade adulta. Por se tratar de um alimento completo, balanceado e rico em nutrientes, pode ser utilizado por f\u00eameas no ter\u00e7o final de gesta\u00e7\u00e3o e em lacta\u00e7\u00e3o. N\u00e3o recomendamos nenhum tipo de suplementa\u00e7\u00e3o.<\/p>\n","protected":false},"featured_media":674,"comment_status":"open","ping_status":"closed","template":"","meta":[],"product_brand":[],"product_cat":[81,71],"product_tag":[],"class_list":{"0":"post-673","1":"product","2":"type-product","3":"status-publish","4":"has-post-thumbnail","6":"product_cat-caes-filhote","7":"product_cat-racoes-caes","9":"first","10":"instock","11":"shipping-taxable","12":"purchasable","13":"product-type-simple"},"_links":{"self":[{"href":"https:\/\/cersulpetshop.com.br\/produtos\/index.php?rest_route=\/wp\/v2\/product\/673","targetHints":{"allow":["GET"]}}],"collection":[{"href":"https:\/\/cersulpetshop.com.br\/produtos\/index.php?rest_route=\/wp\/v2\/product"}],"about":[{"href":"https:\/\/cersulpetshop.com.br\/produtos\/index.php?rest_route=\/wp\/v2\/types\/product"}],"replies":[{"embeddable":true,"href":"https:\/\/cersulpetshop.com.br\/produtos\/index.php?rest_route=%2Fwp%2Fv2%2Fcomments&post=673"}],"wp:featuredmedia":[{"embeddable":true,"href":"https:\/\/cersulpetshop.com.br\/produtos\/index.php?rest_route=\/wp\/v2\/media\/674"}],"wp:attachment":[{"href":"https:\/\/cersulpetshop.com.br\/produtos\/index.php?rest_route=%2Fwp%2Fv2%2Fmedia&parent=673"}],"wp:term":[{"taxonomy":"product_brand","embeddable":true,"href":"https:\/\/cersulpetshop.com.br\/produtos\/index.php?rest_route=%2Fwp%2Fv2%2Fproduct_brand&post=673"},{"taxonomy":"product_cat","embeddable":true,"href":"https:\/\/cersulpetshop.com.br\/produtos\/index.php?rest_route=%2Fwp%2Fv2%2Fproduct_cat&post=673"},{"taxonomy":"product_tag","embeddable":true,"href":"https:\/\/cersulpetshop.com.br\/produtos\/index.php?rest_route=%2Fwp%2Fv2%2Fproduct_tag&post=673"}],"curies":[{"name":"wp","href":"https:\/\/api.w.org\/{rel}","templated":true}]}}