{"id":679,"date":"2025-07-22T16:12:17","date_gmt":"2025-07-22T19:12:17","guid":{"rendered":"https:\/\/cersulpetshop.com.br\/produtos\/?post_type=product&#038;p=679"},"modified":"2026-04-16T09:38:23","modified_gmt":"2026-04-16T12:38:23","slug":"racao-formula-natural-freshmeat-frango-1kg","status":"publish","type":"product","link":"https:\/\/cersulpetshop.com.br\/produtos\/?product=racao-formula-natural-freshmeat-frango-1kg","title":{"rendered":"F\u00d3RMULA NATURAL FRESH MEAT FILHOTE 1KG"},"content":{"rendered":"<p>A\u00a0<strong>Ra\u00e7\u00e3o F\u00f3rmula Natural Fresh Meat C\u00e3es Filhotes Portes Mini e Pequeno<\/strong>\u00a0est\u00e3o em fase de dsesenvolvimento, por isso necessitam de nutrientes espec\u00edficos. O gasto de prote\u00edna e energia precisam de reposi\u00e7\u00e3o, por isso este produto foi desenvolvido especialmente at\u00e9 os 12 meses de idade do pet. Veja mais detalhes do fabricante:<\/p>\n<p><strong>Composi\u00e7\u00e3o b\u00e1sica:<\/strong><br \/>\nCarnes e mi\u00fados selecionados (16% carne de frango com ossos, carne mecanicamente separada de frango e f\u00edgado de frango), farinha de v\u00edsceras de aves, farinha de mandioca (15%), f\u00e9cula de mandioca, farinha de ervilha, f\u00e9cula de batata, \u00f3leo de aves, \u00f3leo refinado de peixe, hidrolisado de f\u00edgado de aves e su\u00edno, fibra de cana-de-a\u00e7\u00facar, frutas e vegetais desidratados (manga, ma\u00e7\u00e3 e cenoura), polpa de beterraba, farinha de linha\u00e7a, cloreto de s\u00f3dio, cloreto de pot\u00e1ssio, biomassa de microalgas (Schizochytrium sp.), zeolita (0,01%), parede celular de levedura, frutooligossacar\u00eddeos, inulina, extrato de yucca (0,04%), col\u00e1geno hidrolisado (0,05%), sulfato de condroitina (0,01%), sulfato de glicosamina (0,03%), vitaminas (A, D3, E, K3, B1, B2, B5, B6, B12, C, niacina, \u00e1cido f\u00f3lico, biotina, cloreto de colina), minerais (sulfato de ferro, sulfato de cobre, sulfato de mangan\u00eas, sulfato de zinco, iodato de c\u00e1lcio, selenito de s\u00f3dio, organozinco, organossel\u00eanio, organomangan\u00eas), \u00e1cido propi\u00f4nico, lisina, metionina, taurina, extratos de alecrim, ch\u00e1 verde e hortel\u00e3 (0,01%), c\u00farcuma (0,01%), concentrado de tocofer\u00f3is (0,01%).<\/p>\n","protected":false},"excerpt":{"rendered":"<p>A\u00a0Ra\u00e7\u00e3o F\u00f3rmula Natural Fresh Meat C\u00e3es Filhotes Portes Mini e Pequeno\u00a0est\u00e3o em fase de dsesenvolvimento, por isso necessitam de nutrientes espec\u00edficos. O gasto de prote\u00edna e energia precisam de reposi\u00e7\u00e3o, por isso este produto foi desenvolvido especialmente at\u00e9 os 12 meses de idade do pet. Veja mais detalhes do fabricante: Composi\u00e7\u00e3o b\u00e1sica: Carnes e mi\u00fados [&hellip;]<\/p>\n","protected":false},"featured_media":680,"comment_status":"open","ping_status":"closed","template":"","meta":[],"product_brand":[],"product_cat":[81,71],"product_tag":[],"class_list":{"0":"post-679","1":"product","2":"type-product","3":"status-publish","4":"has-post-thumbnail","6":"product_cat-caes-filhote","7":"product_cat-racoes-caes","9":"first","10":"instock","11":"shipping-taxable","12":"purchasable","13":"product-type-simple"},"_links":{"self":[{"href":"https:\/\/cersulpetshop.com.br\/produtos\/index.php?rest_route=\/wp\/v2\/product\/679","targetHints":{"allow":["GET"]}}],"collection":[{"href":"https:\/\/cersulpetshop.com.br\/produtos\/index.php?rest_route=\/wp\/v2\/product"}],"about":[{"href":"https:\/\/cersulpetshop.com.br\/produtos\/index.php?rest_route=\/wp\/v2\/types\/product"}],"replies":[{"embeddable":true,"href":"https:\/\/cersulpetshop.com.br\/produtos\/index.php?rest_route=%2Fwp%2Fv2%2Fcomments&post=679"}],"wp:featuredmedia":[{"embeddable":true,"href":"https:\/\/cersulpetshop.com.br\/produtos\/index.php?rest_route=\/wp\/v2\/media\/680"}],"wp:attachment":[{"href":"https:\/\/cersulpetshop.com.br\/produtos\/index.php?rest_route=%2Fwp%2Fv2%2Fmedia&parent=679"}],"wp:term":[{"taxonomy":"product_brand","embeddable":true,"href":"https:\/\/cersulpetshop.com.br\/produtos\/index.php?rest_route=%2Fwp%2Fv2%2Fproduct_brand&post=679"},{"taxonomy":"product_cat","embeddable":true,"href":"https:\/\/cersulpetshop.com.br\/produtos\/index.php?rest_route=%2Fwp%2Fv2%2Fproduct_cat&post=679"},{"taxonomy":"product_tag","embeddable":true,"href":"https:\/\/cersulpetshop.com.br\/produtos\/index.php?rest_route=%2Fwp%2Fv2%2Fproduct_tag&post=679"}],"curies":[{"name":"wp","href":"https:\/\/api.w.org\/{rel}","templated":true}]}}