{"id":694,"date":"2025-08-11T08:43:04","date_gmt":"2025-08-11T11:43:04","guid":{"rendered":"https:\/\/cersulpetshop.com.br\/produtos\/?post_type=product&#038;p=694"},"modified":"2026-04-16T10:22:16","modified_gmt":"2026-04-16T13:22:16","slug":"racao-percane-adulto-15kg","status":"publish","type":"product","link":"https:\/\/cersulpetshop.com.br\/produtos\/?product=racao-percane-adulto-15kg","title":{"rendered":"PERCANE ADULTO RA\u00c7AS PEQUENAS 15KG"},"content":{"rendered":"<p>A Ra\u00e7\u00e3o PerCane Adulto Ra\u00e7as Pequenas e M\u00e9dias \u00e9 um alimento Super Premium, seco, completo e balanceado, especialmente desenvolvido e indicado para c\u00e3es de ra\u00e7as pequenas em m\u00e9dias em manuten\u00e7\u00e3o. N\u00e3o recomendamos nenhum tipo de suplementa\u00e7\u00e3o adicional.<\/p>\n<p>BENEF\u00cdCIOS:<br \/>\n&#8211; Part\u00edcula do tamanho ideal.<br \/>\n&#8211; Reduz a forma\u00e7\u00e3o de t\u00e1rtaro.<br \/>\n&#8211; \u00c1cidos graxos e \u00f4megas 3 e 6.<br \/>\n&#8211; F\u00f3rmula Indoor.<\/p>\n","protected":false},"excerpt":{"rendered":"<p>A Ra\u00e7\u00e3o PerCane Adulto Ra\u00e7as Pequenas e M\u00e9dias \u00e9 um alimento Super Premium, seco, completo e balanceado, especialmente desenvolvido e indicado para c\u00e3es de ra\u00e7as pequenas em m\u00e9dias em manuten\u00e7\u00e3o. N\u00e3o recomendamos nenhum tipo de suplementa\u00e7\u00e3o adicional. BENEF\u00cdCIOS: &#8211; Part\u00edcula do tamanho ideal. &#8211; Reduz a forma\u00e7\u00e3o de t\u00e1rtaro. &#8211; \u00c1cidos graxos e \u00f4megas 3 [&hellip;]<\/p>\n","protected":false},"featured_media":695,"comment_status":"open","ping_status":"closed","template":"","meta":[],"product_brand":[],"product_cat":[80,71],"product_tag":[40,74],"class_list":{"0":"post-694","1":"product","2":"type-product","3":"status-publish","4":"has-post-thumbnail","6":"product_cat-caes-racas-pequenas","7":"product_cat-racoes-caes","8":"product_tag-caes","9":"product_tag-caes-racas-pequenas","11":"first","12":"instock","13":"shipping-taxable","14":"purchasable","15":"product-type-simple"},"_links":{"self":[{"href":"https:\/\/cersulpetshop.com.br\/produtos\/index.php?rest_route=\/wp\/v2\/product\/694","targetHints":{"allow":["GET"]}}],"collection":[{"href":"https:\/\/cersulpetshop.com.br\/produtos\/index.php?rest_route=\/wp\/v2\/product"}],"about":[{"href":"https:\/\/cersulpetshop.com.br\/produtos\/index.php?rest_route=\/wp\/v2\/types\/product"}],"replies":[{"embeddable":true,"href":"https:\/\/cersulpetshop.com.br\/produtos\/index.php?rest_route=%2Fwp%2Fv2%2Fcomments&post=694"}],"wp:featuredmedia":[{"embeddable":true,"href":"https:\/\/cersulpetshop.com.br\/produtos\/index.php?rest_route=\/wp\/v2\/media\/695"}],"wp:attachment":[{"href":"https:\/\/cersulpetshop.com.br\/produtos\/index.php?rest_route=%2Fwp%2Fv2%2Fmedia&parent=694"}],"wp:term":[{"taxonomy":"product_brand","embeddable":true,"href":"https:\/\/cersulpetshop.com.br\/produtos\/index.php?rest_route=%2Fwp%2Fv2%2Fproduct_brand&post=694"},{"taxonomy":"product_cat","embeddable":true,"href":"https:\/\/cersulpetshop.com.br\/produtos\/index.php?rest_route=%2Fwp%2Fv2%2Fproduct_cat&post=694"},{"taxonomy":"product_tag","embeddable":true,"href":"https:\/\/cersulpetshop.com.br\/produtos\/index.php?rest_route=%2Fwp%2Fv2%2Fproduct_tag&post=694"}],"curies":[{"name":"wp","href":"https:\/\/api.w.org\/{rel}","templated":true}]}}