{"id":696,"date":"2025-08-11T08:47:08","date_gmt":"2025-08-11T11:47:08","guid":{"rendered":"https:\/\/cersulpetshop.com.br\/produtos\/?post_type=product&#038;p=696"},"modified":"2026-04-16T09:52:19","modified_gmt":"2026-04-16T12:52:19","slug":"racao-bomguy-carne-e-frango-20kg","status":"publish","type":"product","link":"https:\/\/cersulpetshop.com.br\/produtos\/?product=racao-bomguy-carne-e-frango-20kg","title":{"rendered":"BOMGUY CARNE E FRANGO 20KG"},"content":{"rendered":"<p><span style=\"font-family: AmsiPro; font-size: 17.6px;\">&#8211; Alimento completo e balanceado, receita especial sem a presen\u00e7a de corantes;<\/span><br style=\"box-sizing: border-box; margin: 0px; padding: 0px; font-family: AmsiPro; font-size: 17.6px;\" \/><span style=\"font-family: AmsiPro; font-size: 17.6px;\">&#8211; Sabor irresist\u00edvel, feito para agradar at\u00e9 mesmo os paladares dos mais exigentes;<\/span><br style=\"box-sizing: border-box; margin: 0px; padding: 0px; font-family: AmsiPro; font-size: 17.6px;\" \/><span style=\"font-family: AmsiPro; font-size: 17.6px;\">&#8211; Sua f\u00f3rmula \u00e9 rica em prote\u00ednas, composta por 21% de prote\u00edna bruta de alta qualidade;<\/span><br style=\"box-sizing: border-box; margin: 0px; padding: 0px; font-family: AmsiPro; font-size: 17.6px;\" \/><span style=\"font-family: AmsiPro; font-size: 17.6px;\">&#8211; F\u00e1cil digestibilidade, proporciona maior absor\u00e7\u00e3o de nutrientes e sa\u00fade intestinal;<\/span><br style=\"box-sizing: border-box; margin: 0px; padding: 0px; font-family: AmsiPro; font-size: 17.6px;\" \/><span style=\"font-family: AmsiPro; font-size: 17.6px;\">&#8211; Com extrato de yucca, auxilia na redu\u00e7\u00e3o do volume e odor desagrad\u00e1vel das fezes.<\/span><\/p>\n","protected":false},"excerpt":{"rendered":"<p>&#8211; Alimento completo e balanceado, receita especial sem a presen\u00e7a de corantes;&#8211; Sabor irresist\u00edvel, feito para agradar at\u00e9 mesmo os paladares dos mais exigentes;&#8211; Sua f\u00f3rmula \u00e9 rica em prote\u00ednas, composta por 21% de prote\u00edna bruta de alta qualidade;&#8211; F\u00e1cil digestibilidade, proporciona maior absor\u00e7\u00e3o de nutrientes e sa\u00fade intestinal;&#8211; Com extrato de yucca, auxilia na [&hellip;]<\/p>\n","protected":false},"featured_media":697,"comment_status":"open","ping_status":"closed","template":"","meta":[],"product_brand":[],"product_cat":[79,71],"product_tag":[40,16],"class_list":{"0":"post-696","1":"product","2":"type-product","3":"status-publish","4":"has-post-thumbnail","6":"product_cat-caes-racas-medias-grande","7":"product_cat-racoes-caes","8":"product_tag-caes","9":"product_tag-racao","11":"first","12":"instock","13":"shipping-taxable","14":"purchasable","15":"product-type-simple"},"_links":{"self":[{"href":"https:\/\/cersulpetshop.com.br\/produtos\/index.php?rest_route=\/wp\/v2\/product\/696","targetHints":{"allow":["GET"]}}],"collection":[{"href":"https:\/\/cersulpetshop.com.br\/produtos\/index.php?rest_route=\/wp\/v2\/product"}],"about":[{"href":"https:\/\/cersulpetshop.com.br\/produtos\/index.php?rest_route=\/wp\/v2\/types\/product"}],"replies":[{"embeddable":true,"href":"https:\/\/cersulpetshop.com.br\/produtos\/index.php?rest_route=%2Fwp%2Fv2%2Fcomments&post=696"}],"wp:featuredmedia":[{"embeddable":true,"href":"https:\/\/cersulpetshop.com.br\/produtos\/index.php?rest_route=\/wp\/v2\/media\/697"}],"wp:attachment":[{"href":"https:\/\/cersulpetshop.com.br\/produtos\/index.php?rest_route=%2Fwp%2Fv2%2Fmedia&parent=696"}],"wp:term":[{"taxonomy":"product_brand","embeddable":true,"href":"https:\/\/cersulpetshop.com.br\/produtos\/index.php?rest_route=%2Fwp%2Fv2%2Fproduct_brand&post=696"},{"taxonomy":"product_cat","embeddable":true,"href":"https:\/\/cersulpetshop.com.br\/produtos\/index.php?rest_route=%2Fwp%2Fv2%2Fproduct_cat&post=696"},{"taxonomy":"product_tag","embeddable":true,"href":"https:\/\/cersulpetshop.com.br\/produtos\/index.php?rest_route=%2Fwp%2Fv2%2Fproduct_tag&post=696"}],"curies":[{"name":"wp","href":"https:\/\/api.w.org\/{rel}","templated":true}]}}