{"id":698,"date":"2025-08-11T08:50:28","date_gmt":"2025-08-11T11:50:28","guid":{"rendered":"https:\/\/cersulpetshop.com.br\/produtos\/?post_type=product&#038;p=698"},"modified":"2025-08-11T08:50:28","modified_gmt":"2025-08-11T11:50:28","slug":"racao-chanin-premium-mix-25kg","status":"publish","type":"product","link":"https:\/\/cersulpetshop.com.br\/produtos\/?product=racao-chanin-premium-mix-25kg","title":{"rendered":"RA\u00c7\u00c3O CHANIN PREMIUM MIX 25KG"},"content":{"rendered":"<p>Farinha de carne e ossos de bovino (m\u00edn. 5%), farinha de peixes (m\u00edn. 5%), farinha de v\u00edsceras de aves (m\u00edn. 5%), farelo de gl\u00faten de milho* 60, quirera de arroz, milho* mo\u00eddo, farelo de soja**, farelo de gl\u00faten de milho* 21, sorgo integral mo\u00eddo, \u00f3leo de aves, cloreto de s\u00f3dio, levedura de cana de a\u00e7\u00facar inativada e desidratada (m\u00edn. 0,5%), levedura de cervejaria inativada e desidratada, extrato de levedura Saccharomyces cerevisiae, extrato de yucca (m\u00edn. 0,02%), hidrolisado de f\u00edgado de aves, lisina, metionina, taurina, bissulfato de s\u00f3dio, pirofosfato \u00e1cido de s\u00f3dio, butilhidroxitolueno (BHT), \u00e1cido f\u00f3lico, \u00e1cido pantot\u00eanico, biotina, cloreto de colina, iodato de c\u00e1lcio, niacina, piridoxina, riboflavina, selenito de s\u00f3dio, sulfato de cobalto, sulfato de cobre, sulfato de mangan\u00eas, sulfato de zinco, sulfato de ferro, tiamina, vitamina A, cianocobalamina, vitamina D3, vitamina E, vitamina K3.<\/p>\n","protected":false},"excerpt":{"rendered":"<p>Farinha de carne e ossos de bovino (m\u00edn. 5%), farinha de peixes (m\u00edn. 5%), farinha de v\u00edsceras de aves (m\u00edn. 5%), farelo de gl\u00faten de milho* 60, quirera de arroz, milho* mo\u00eddo, farelo de soja**, farelo de gl\u00faten de milho* 21, sorgo integral mo\u00eddo, \u00f3leo de aves, cloreto de s\u00f3dio, levedura de cana de a\u00e7\u00facar [&hellip;]<\/p>\n","protected":false},"featured_media":699,"comment_status":"open","ping_status":"closed","template":"","meta":[],"product_brand":[],"product_cat":[84,72],"product_tag":[23],"class_list":{"0":"post-698","1":"product","2":"type-product","3":"status-publish","4":"has-post-thumbnail","6":"product_cat-gatos-adulto","7":"product_cat-racoes-gatos","8":"product_tag-gatos","10":"first","11":"instock","12":"shipping-taxable","13":"purchasable","14":"product-type-simple"},"_links":{"self":[{"href":"https:\/\/cersulpetshop.com.br\/produtos\/index.php?rest_route=\/wp\/v2\/product\/698","targetHints":{"allow":["GET"]}}],"collection":[{"href":"https:\/\/cersulpetshop.com.br\/produtos\/index.php?rest_route=\/wp\/v2\/product"}],"about":[{"href":"https:\/\/cersulpetshop.com.br\/produtos\/index.php?rest_route=\/wp\/v2\/types\/product"}],"replies":[{"embeddable":true,"href":"https:\/\/cersulpetshop.com.br\/produtos\/index.php?rest_route=%2Fwp%2Fv2%2Fcomments&post=698"}],"wp:featuredmedia":[{"embeddable":true,"href":"https:\/\/cersulpetshop.com.br\/produtos\/index.php?rest_route=\/wp\/v2\/media\/699"}],"wp:attachment":[{"href":"https:\/\/cersulpetshop.com.br\/produtos\/index.php?rest_route=%2Fwp%2Fv2%2Fmedia&parent=698"}],"wp:term":[{"taxonomy":"product_brand","embeddable":true,"href":"https:\/\/cersulpetshop.com.br\/produtos\/index.php?rest_route=%2Fwp%2Fv2%2Fproduct_brand&post=698"},{"taxonomy":"product_cat","embeddable":true,"href":"https:\/\/cersulpetshop.com.br\/produtos\/index.php?rest_route=%2Fwp%2Fv2%2Fproduct_cat&post=698"},{"taxonomy":"product_tag","embeddable":true,"href":"https:\/\/cersulpetshop.com.br\/produtos\/index.php?rest_route=%2Fwp%2Fv2%2Fproduct_tag&post=698"}],"curies":[{"name":"wp","href":"https:\/\/api.w.org\/{rel}","templated":true}]}}