{"id":700,"date":"2025-08-11T08:56:34","date_gmt":"2025-08-11T11:56:34","guid":{"rendered":"https:\/\/cersulpetshop.com.br\/produtos\/?post_type=product&#038;p=700"},"modified":"2026-04-16T10:38:40","modified_gmt":"2026-04-16T13:38:40","slug":"racao-royal-caninm-gastrointestinal-15kg","status":"publish","type":"product","link":"https:\/\/cersulpetshop.com.br\/produtos\/?product=racao-royal-caninm-gastrointestinal-15kg","title":{"rendered":"ROYAL C\u00c3ES GASTROINTESTINAL LOW FAT 1,5KG"},"content":{"rendered":"<ul>\n<li>Com fibras balanceadas;<\/li>\n<li>Conte\u00fado de fibra limitado;<\/li>\n<li>F\u00f3rmula altamente digest\u00edvel;<\/li>\n<li>Indicada para c\u00e3es com uma dieta restrita em gordura;<\/li>\n<li>Ajuda a favorecer a sa\u00fade digestiva e o tr\u00e2nsito intestinal;<\/li>\n<li>Permite o fornecimento de n\u00edveis de energia de manuten\u00e7\u00e3o.<\/li>\n<\/ul>\n","protected":false},"excerpt":{"rendered":"<p>Com fibras balanceadas; Conte\u00fado de fibra limitado; F\u00f3rmula altamente digest\u00edvel; Indicada para c\u00e3es com uma dieta restrita em gordura; Ajuda a favorecer a sa\u00fade digestiva e o tr\u00e2nsito intestinal; Permite o fornecimento de n\u00edveis de energia de manuten\u00e7\u00e3o.<\/p>\n","protected":false},"featured_media":701,"comment_status":"open","ping_status":"closed","template":"","meta":[],"product_brand":[],"product_cat":[87,71],"product_tag":[],"class_list":{"0":"post-700","1":"product","2":"type-product","3":"status-publish","4":"has-post-thumbnail","6":"product_cat-nutricao-clinica","7":"product_cat-racoes-caes","9":"first","10":"instock","11":"shipping-taxable","12":"purchasable","13":"product-type-simple"},"_links":{"self":[{"href":"https:\/\/cersulpetshop.com.br\/produtos\/index.php?rest_route=\/wp\/v2\/product\/700","targetHints":{"allow":["GET"]}}],"collection":[{"href":"https:\/\/cersulpetshop.com.br\/produtos\/index.php?rest_route=\/wp\/v2\/product"}],"about":[{"href":"https:\/\/cersulpetshop.com.br\/produtos\/index.php?rest_route=\/wp\/v2\/types\/product"}],"replies":[{"embeddable":true,"href":"https:\/\/cersulpetshop.com.br\/produtos\/index.php?rest_route=%2Fwp%2Fv2%2Fcomments&post=700"}],"wp:featuredmedia":[{"embeddable":true,"href":"https:\/\/cersulpetshop.com.br\/produtos\/index.php?rest_route=\/wp\/v2\/media\/701"}],"wp:attachment":[{"href":"https:\/\/cersulpetshop.com.br\/produtos\/index.php?rest_route=%2Fwp%2Fv2%2Fmedia&parent=700"}],"wp:term":[{"taxonomy":"product_brand","embeddable":true,"href":"https:\/\/cersulpetshop.com.br\/produtos\/index.php?rest_route=%2Fwp%2Fv2%2Fproduct_brand&post=700"},{"taxonomy":"product_cat","embeddable":true,"href":"https:\/\/cersulpetshop.com.br\/produtos\/index.php?rest_route=%2Fwp%2Fv2%2Fproduct_cat&post=700"},{"taxonomy":"product_tag","embeddable":true,"href":"https:\/\/cersulpetshop.com.br\/produtos\/index.php?rest_route=%2Fwp%2Fv2%2Fproduct_tag&post=700"}],"curies":[{"name":"wp","href":"https:\/\/api.w.org\/{rel}","templated":true}]}}