{"id":702,"date":"2025-08-11T08:58:48","date_gmt":"2025-08-11T11:58:48","guid":{"rendered":"https:\/\/cersulpetshop.com.br\/produtos\/?post_type=product&#038;p=702"},"modified":"2026-04-16T10:38:01","modified_gmt":"2026-04-16T13:38:01","slug":"racao-royal-canin-urinary-2kg","status":"publish","type":"product","link":"https:\/\/cersulpetshop.com.br\/produtos\/?product=racao-royal-canin-urinary-2kg","title":{"rendered":"ROYAL C\u00c3ES URINARY 2KG"},"content":{"rendered":"<ul>\n<li>Para c\u00e3es adultos de porte pequeno com doen\u00e7as do trato urin\u00e1rio;<\/li>\n<li>Auxilia a dissolver c\u00e1lculos de estruvita;<\/li>\n<li>Cont\u00e9m nutriente que ajuda no controle da forma\u00e7\u00e3o do t\u00e1rtaro;<\/li>\n<li>Desfavor\u00e1vel \u00e0 forma\u00e7\u00e3o de c\u00e1lculos de estruvite e de oxalato de c\u00e1lcio.<\/li>\n<\/ul>\n","protected":false},"excerpt":{"rendered":"<p>Para c\u00e3es adultos de porte pequeno com doen\u00e7as do trato urin\u00e1rio; Auxilia a dissolver c\u00e1lculos de estruvita; Cont\u00e9m nutriente que ajuda no controle da forma\u00e7\u00e3o do t\u00e1rtaro; Desfavor\u00e1vel \u00e0 forma\u00e7\u00e3o de c\u00e1lculos de estruvite e de oxalato de c\u00e1lcio.<\/p>\n","protected":false},"featured_media":703,"comment_status":"open","ping_status":"closed","template":"","meta":[],"product_brand":[],"product_cat":[87,71],"product_tag":[],"class_list":{"0":"post-702","1":"product","2":"type-product","3":"status-publish","4":"has-post-thumbnail","6":"product_cat-nutricao-clinica","7":"product_cat-racoes-caes","9":"first","10":"instock","11":"shipping-taxable","12":"purchasable","13":"product-type-simple"},"_links":{"self":[{"href":"https:\/\/cersulpetshop.com.br\/produtos\/index.php?rest_route=\/wp\/v2\/product\/702","targetHints":{"allow":["GET"]}}],"collection":[{"href":"https:\/\/cersulpetshop.com.br\/produtos\/index.php?rest_route=\/wp\/v2\/product"}],"about":[{"href":"https:\/\/cersulpetshop.com.br\/produtos\/index.php?rest_route=\/wp\/v2\/types\/product"}],"replies":[{"embeddable":true,"href":"https:\/\/cersulpetshop.com.br\/produtos\/index.php?rest_route=%2Fwp%2Fv2%2Fcomments&post=702"}],"wp:featuredmedia":[{"embeddable":true,"href":"https:\/\/cersulpetshop.com.br\/produtos\/index.php?rest_route=\/wp\/v2\/media\/703"}],"wp:attachment":[{"href":"https:\/\/cersulpetshop.com.br\/produtos\/index.php?rest_route=%2Fwp%2Fv2%2Fmedia&parent=702"}],"wp:term":[{"taxonomy":"product_brand","embeddable":true,"href":"https:\/\/cersulpetshop.com.br\/produtos\/index.php?rest_route=%2Fwp%2Fv2%2Fproduct_brand&post=702"},{"taxonomy":"product_cat","embeddable":true,"href":"https:\/\/cersulpetshop.com.br\/produtos\/index.php?rest_route=%2Fwp%2Fv2%2Fproduct_cat&post=702"},{"taxonomy":"product_tag","embeddable":true,"href":"https:\/\/cersulpetshop.com.br\/produtos\/index.php?rest_route=%2Fwp%2Fv2%2Fproduct_tag&post=702"}],"curies":[{"name":"wp","href":"https:\/\/api.w.org\/{rel}","templated":true}]}}