{"id":705,"date":"2025-08-15T08:45:17","date_gmt":"2025-08-15T11:45:17","guid":{"rendered":"https:\/\/cersulpetshop.com.br\/produtos\/?post_type=product&#038;p=705"},"modified":"2026-04-16T11:25:27","modified_gmt":"2026-04-16T14:25:27","slug":"racao-zuppy-carne-10-1kg","status":"publish","type":"product","link":"https:\/\/cersulpetshop.com.br\/produtos\/?product=racao-zuppy-carne-10-1kg","title":{"rendered":"ZUPPY CARNE 10.1KG"},"content":{"rendered":"<p>A Ra\u00e7\u00e3o Seca Zuppy para Gatos Adultos Sabor Carne 10,1kg \u00e9 uma excelente escolha para manter seu gato saud\u00e1vel e bem alimentado. Feita com carne de alta qualidade, esta ra\u00e7\u00e3o oferece todos os nutrientes essenciais para o bom funcionamento do organismo do felino. Enriquecida com vitaminas, minerais e taurina, a ra\u00e7\u00e3o contribui para a sa\u00fade ocular, digestiva e cardiovascular, al\u00e9m de promover uma pelagem bonita e brilhante.<\/p>\n","protected":false},"excerpt":{"rendered":"<p>A Ra\u00e7\u00e3o Seca Zuppy para Gatos Adultos Sabor Carne 10,1kg \u00e9 uma excelente escolha para manter seu gato saud\u00e1vel e bem alimentado. Feita com carne de alta qualidade, esta ra\u00e7\u00e3o oferece todos os nutrientes essenciais para o bom funcionamento do organismo do felino. Enriquecida com vitaminas, minerais e taurina, a ra\u00e7\u00e3o contribui para a sa\u00fade [&hellip;]<\/p>\n","protected":false},"featured_media":706,"comment_status":"open","ping_status":"closed","template":"","meta":[],"product_brand":[],"product_cat":[84,72],"product_tag":[],"class_list":{"0":"post-705","1":"product","2":"type-product","3":"status-publish","4":"has-post-thumbnail","6":"product_cat-gatos-adulto","7":"product_cat-racoes-gatos","9":"first","10":"instock","11":"shipping-taxable","12":"purchasable","13":"product-type-simple"},"_links":{"self":[{"href":"https:\/\/cersulpetshop.com.br\/produtos\/index.php?rest_route=\/wp\/v2\/product\/705","targetHints":{"allow":["GET"]}}],"collection":[{"href":"https:\/\/cersulpetshop.com.br\/produtos\/index.php?rest_route=\/wp\/v2\/product"}],"about":[{"href":"https:\/\/cersulpetshop.com.br\/produtos\/index.php?rest_route=\/wp\/v2\/types\/product"}],"replies":[{"embeddable":true,"href":"https:\/\/cersulpetshop.com.br\/produtos\/index.php?rest_route=%2Fwp%2Fv2%2Fcomments&post=705"}],"wp:featuredmedia":[{"embeddable":true,"href":"https:\/\/cersulpetshop.com.br\/produtos\/index.php?rest_route=\/wp\/v2\/media\/706"}],"wp:attachment":[{"href":"https:\/\/cersulpetshop.com.br\/produtos\/index.php?rest_route=%2Fwp%2Fv2%2Fmedia&parent=705"}],"wp:term":[{"taxonomy":"product_brand","embeddable":true,"href":"https:\/\/cersulpetshop.com.br\/produtos\/index.php?rest_route=%2Fwp%2Fv2%2Fproduct_brand&post=705"},{"taxonomy":"product_cat","embeddable":true,"href":"https:\/\/cersulpetshop.com.br\/produtos\/index.php?rest_route=%2Fwp%2Fv2%2Fproduct_cat&post=705"},{"taxonomy":"product_tag","embeddable":true,"href":"https:\/\/cersulpetshop.com.br\/produtos\/index.php?rest_route=%2Fwp%2Fv2%2Fproduct_tag&post=705"}],"curies":[{"name":"wp","href":"https:\/\/api.w.org\/{rel}","templated":true}]}}