{"id":713,"date":"2025-08-15T09:05:00","date_gmt":"2025-08-15T12:05:00","guid":{"rendered":"https:\/\/cersulpetshop.com.br\/produtos\/?post_type=product&#038;p=713"},"modified":"2025-08-15T09:05:01","modified_gmt":"2025-08-15T12:05:01","slug":"racao-catlly-10-1kg","status":"publish","type":"product","link":"https:\/\/cersulpetshop.com.br\/produtos\/?product=racao-catlly-10-1kg","title":{"rendered":"RA\u00c7\u00c3O CATLLY 10.1KG"},"content":{"rendered":"<p class=\"QN2lPu\">Ra\u00e7\u00e3o Catlly Peixe<\/p>\n<p class=\"QN2lPu\">Premium Especial<\/p>\n<p class=\"QN2lPu\">31% de prote\u00edna<\/p>\n<p class=\"QN2lPu\">&#8211; Cora\u00e7\u00e3o e vis\u00e3o saud\u00e1veis<\/p>\n<p class=\"QN2lPu\">&#8211; Pele Saud\u00e1vel e Pelos Brilhantes<\/p>\n<p class=\"QN2lPu\">&#8211; Controle de pH urin\u00e1rio<\/p>\n<p class=\"QN2lPu\">&#8211; Redu\u00e7\u00e3o no odor das fezes<\/p>\n","protected":false},"excerpt":{"rendered":"<p>Ra\u00e7\u00e3o Catlly Peixe Premium Especial 31% de prote\u00edna &#8211; Cora\u00e7\u00e3o e vis\u00e3o saud\u00e1veis &#8211; Pele Saud\u00e1vel e Pelos Brilhantes &#8211; Controle de pH urin\u00e1rio &#8211; Redu\u00e7\u00e3o no odor das fezes<\/p>\n","protected":false},"featured_media":714,"comment_status":"open","ping_status":"closed","template":"","meta":[],"product_brand":[],"product_cat":[83,72],"product_tag":[],"class_list":{"0":"post-713","1":"product","2":"type-product","3":"status-publish","4":"has-post-thumbnail","6":"product_cat-gatos-castrado","7":"product_cat-racoes-gatos","9":"first","10":"instock","11":"shipping-taxable","12":"purchasable","13":"product-type-simple"},"_links":{"self":[{"href":"https:\/\/cersulpetshop.com.br\/produtos\/index.php?rest_route=\/wp\/v2\/product\/713","targetHints":{"allow":["GET"]}}],"collection":[{"href":"https:\/\/cersulpetshop.com.br\/produtos\/index.php?rest_route=\/wp\/v2\/product"}],"about":[{"href":"https:\/\/cersulpetshop.com.br\/produtos\/index.php?rest_route=\/wp\/v2\/types\/product"}],"replies":[{"embeddable":true,"href":"https:\/\/cersulpetshop.com.br\/produtos\/index.php?rest_route=%2Fwp%2Fv2%2Fcomments&post=713"}],"wp:featuredmedia":[{"embeddable":true,"href":"https:\/\/cersulpetshop.com.br\/produtos\/index.php?rest_route=\/wp\/v2\/media\/714"}],"wp:attachment":[{"href":"https:\/\/cersulpetshop.com.br\/produtos\/index.php?rest_route=%2Fwp%2Fv2%2Fmedia&parent=713"}],"wp:term":[{"taxonomy":"product_brand","embeddable":true,"href":"https:\/\/cersulpetshop.com.br\/produtos\/index.php?rest_route=%2Fwp%2Fv2%2Fproduct_brand&post=713"},{"taxonomy":"product_cat","embeddable":true,"href":"https:\/\/cersulpetshop.com.br\/produtos\/index.php?rest_route=%2Fwp%2Fv2%2Fproduct_cat&post=713"},{"taxonomy":"product_tag","embeddable":true,"href":"https:\/\/cersulpetshop.com.br\/produtos\/index.php?rest_route=%2Fwp%2Fv2%2Fproduct_tag&post=713"}],"curies":[{"name":"wp","href":"https:\/\/api.w.org\/{rel}","templated":true}]}}