{"id":734,"date":"2025-09-03T10:32:52","date_gmt":"2025-09-03T13:32:52","guid":{"rendered":"https:\/\/cersulpetshop.com.br\/produtos\/?post_type=product&#038;p=734"},"modified":"2025-09-03T10:32:52","modified_gmt":"2025-09-03T13:32:52","slug":"finotrato-cat-nuggets-carne-40g","status":"publish","type":"product","link":"https:\/\/cersulpetshop.com.br\/produtos\/?product=finotrato-cat-nuggets-carne-40g","title":{"rendered":"FINOTRATO CAT NUGGETS CARNE 40G"},"content":{"rendered":"<div class=\"apresentacoes\">Farinha de v\u00edsceras de aves, farinha de trigo, quirera de arroz, farelo de trigo, \u00f3leo de aves, fibra de ervilha, polpa de beterraba, levedura de cervejaria desidratada, fibra de cana-de-a\u00e7\u00facar, amido de mandioca, hidrolisado de f\u00edgado de su\u00edno, celulose em p\u00f3, alginato de c\u00e1lcio, \u00e1cido fosf\u00f3rico, sorbato de pot\u00e1ssio, \u00e1cido propi\u00f4nico, \u00e1cido c\u00edtrico, caramelo IV, taurina, bentonita, aroma de carne (m\u00edn 0,05%), vitaminas (A, D3, E, B1, B2, B6, B12, K3, \u00e1cido nicot\u00ednico, \u00e1cido f\u00f3lico, biotina, pantotenato de c\u00e1lcio e cloreto de colina), \u00f3xido de zinco, iodato de c\u00e1lcio, selenito de s\u00f3dio, sulfato de cobre, sulfato de ferro, \u00f3xido de ferro, sulfato de mangan\u00eas, sulfato de cobalto, calc\u00e1rio calc\u00edtico, di\u00f3xido de tit\u00e2nio, hexametafosfato de s\u00f3dio (1,5%), mananoligossacar\u00eddeos, frutooligossacar\u00eddeos, BHA e BHT.<\/div>\n","protected":false},"excerpt":{"rendered":"<p>Farinha de v\u00edsceras de aves, farinha de trigo, quirera de arroz, farelo de trigo, \u00f3leo de aves, fibra de ervilha, polpa de beterraba, levedura de cervejaria desidratada, fibra de cana-de-a\u00e7\u00facar, amido de mandioca, hidrolisado de f\u00edgado de su\u00edno, celulose em p\u00f3, alginato de c\u00e1lcio, \u00e1cido fosf\u00f3rico, sorbato de pot\u00e1ssio, \u00e1cido propi\u00f4nico, \u00e1cido c\u00edtrico, caramelo IV, [&hellip;]<\/p>\n","protected":false},"featured_media":735,"comment_status":"open","ping_status":"closed","template":"","meta":[],"product_brand":[],"product_cat":[96,89],"product_tag":[23,100],"class_list":{"0":"post-734","1":"product","2":"type-product","3":"status-publish","4":"has-post-thumbnail","6":"product_cat-biscoitos-petiscos-gatos","7":"product_cat-petiscos-gatos","8":"product_tag-gatos","9":"product_tag-petiscos","11":"first","12":"instock","13":"shipping-taxable","14":"purchasable","15":"product-type-simple"},"_links":{"self":[{"href":"https:\/\/cersulpetshop.com.br\/produtos\/index.php?rest_route=\/wp\/v2\/product\/734","targetHints":{"allow":["GET"]}}],"collection":[{"href":"https:\/\/cersulpetshop.com.br\/produtos\/index.php?rest_route=\/wp\/v2\/product"}],"about":[{"href":"https:\/\/cersulpetshop.com.br\/produtos\/index.php?rest_route=\/wp\/v2\/types\/product"}],"replies":[{"embeddable":true,"href":"https:\/\/cersulpetshop.com.br\/produtos\/index.php?rest_route=%2Fwp%2Fv2%2Fcomments&post=734"}],"wp:featuredmedia":[{"embeddable":true,"href":"https:\/\/cersulpetshop.com.br\/produtos\/index.php?rest_route=\/wp\/v2\/media\/735"}],"wp:attachment":[{"href":"https:\/\/cersulpetshop.com.br\/produtos\/index.php?rest_route=%2Fwp%2Fv2%2Fmedia&parent=734"}],"wp:term":[{"taxonomy":"product_brand","embeddable":true,"href":"https:\/\/cersulpetshop.com.br\/produtos\/index.php?rest_route=%2Fwp%2Fv2%2Fproduct_brand&post=734"},{"taxonomy":"product_cat","embeddable":true,"href":"https:\/\/cersulpetshop.com.br\/produtos\/index.php?rest_route=%2Fwp%2Fv2%2Fproduct_cat&post=734"},{"taxonomy":"product_tag","embeddable":true,"href":"https:\/\/cersulpetshop.com.br\/produtos\/index.php?rest_route=%2Fwp%2Fv2%2Fproduct_tag&post=734"}],"curies":[{"name":"wp","href":"https:\/\/api.w.org\/{rel}","templated":true}]}}