{"id":754,"date":"2025-09-03T10:58:52","date_gmt":"2025-09-03T13:58:52","guid":{"rendered":"https:\/\/cersulpetshop.com.br\/produtos\/?post_type=product&#038;p=754"},"modified":"2025-11-17T10:16:16","modified_gmt":"2025-11-17T13:16:16","slug":"keldog-angus-mini-burguer-costela-55g","status":"publish","type":"product","link":"https:\/\/cersulpetshop.com.br\/produtos\/?product=keldog-angus-mini-burguer-costela-55g","title":{"rendered":"KELDOG ANGUS MINI BURGUER COSTELA 55G"},"content":{"rendered":"<ul>\n<li>Para c\u00e3es adultos de todos os portes e ra\u00e7as;<\/li>\n<li>Petisco com formato de hamb\u00farguer;<\/li>\n<li>Suculento e com aroma delicioso;<\/li>\n<li>Com 50% de prote\u00edna de origem animal.<\/li>\n<\/ul>\n","protected":false},"excerpt":{"rendered":"<p>Para c\u00e3es adultos de todos os portes e ra\u00e7as; Petisco com formato de hamb\u00farguer; Suculento e com aroma delicioso; Com 50% de prote\u00edna de origem animal.<\/p>\n","protected":false},"featured_media":755,"comment_status":"open","ping_status":"closed","template":"","meta":[],"product_brand":[],"product_cat":[91,90],"product_tag":[],"class_list":{"0":"post-754","1":"product","2":"type-product","3":"status-publish","4":"has-post-thumbnail","6":"product_cat-bifinhos","7":"product_cat-petiscos-cachorro","9":"first","10":"instock","11":"shipping-taxable","12":"purchasable","13":"product-type-simple"},"_links":{"self":[{"href":"https:\/\/cersulpetshop.com.br\/produtos\/index.php?rest_route=\/wp\/v2\/product\/754","targetHints":{"allow":["GET"]}}],"collection":[{"href":"https:\/\/cersulpetshop.com.br\/produtos\/index.php?rest_route=\/wp\/v2\/product"}],"about":[{"href":"https:\/\/cersulpetshop.com.br\/produtos\/index.php?rest_route=\/wp\/v2\/types\/product"}],"replies":[{"embeddable":true,"href":"https:\/\/cersulpetshop.com.br\/produtos\/index.php?rest_route=%2Fwp%2Fv2%2Fcomments&post=754"}],"wp:featuredmedia":[{"embeddable":true,"href":"https:\/\/cersulpetshop.com.br\/produtos\/index.php?rest_route=\/wp\/v2\/media\/755"}],"wp:attachment":[{"href":"https:\/\/cersulpetshop.com.br\/produtos\/index.php?rest_route=%2Fwp%2Fv2%2Fmedia&parent=754"}],"wp:term":[{"taxonomy":"product_brand","embeddable":true,"href":"https:\/\/cersulpetshop.com.br\/produtos\/index.php?rest_route=%2Fwp%2Fv2%2Fproduct_brand&post=754"},{"taxonomy":"product_cat","embeddable":true,"href":"https:\/\/cersulpetshop.com.br\/produtos\/index.php?rest_route=%2Fwp%2Fv2%2Fproduct_cat&post=754"},{"taxonomy":"product_tag","embeddable":true,"href":"https:\/\/cersulpetshop.com.br\/produtos\/index.php?rest_route=%2Fwp%2Fv2%2Fproduct_tag&post=754"}],"curies":[{"name":"wp","href":"https:\/\/api.w.org\/{rel}","templated":true}]}}