{"id":881,"date":"2025-09-09T17:04:34","date_gmt":"2025-09-09T20:04:34","guid":{"rendered":"https:\/\/cersulpetshop.com.br\/produtos\/?post_type=product&#038;p=881"},"modified":"2025-09-09T17:04:34","modified_gmt":"2025-09-09T20:04:34","slug":"whiskas-sabor-frango-290g","status":"publish","type":"product","link":"https:\/\/cersulpetshop.com.br\/produtos\/?product=whiskas-sabor-frango-290g","title":{"rendered":"WHISKAS SABOR FRANGO 290G"},"content":{"rendered":"<ul class=\"a-unordered-list a-vertical a-spacing-mini\">\n<li class=\"a-spacing-mini\"><span class=\"a-list-item\">Alimento 100% completo e balanceado.<\/span><\/li>\n<li class=\"a-spacing-mini\"><span class=\"a-list-item\">Sem aroma artificial.<\/span><\/li>\n<li class=\"a-spacing-mini\"><span class=\"a-list-item\">Cozidos a vapor.<\/span><\/li>\n<li class=\"a-spacing-mini\"><span class=\"a-list-item\">Ajuda a manter a sa\u00fade do trato urin\u00e1rio.<\/span><\/li>\n<li class=\"a-spacing-mini\"><span class=\"a-list-item\">Proporciona \u00f3tima qualidade de fezes.<\/span><\/li>\n<\/ul>\n","protected":false},"excerpt":{"rendered":"<p>Alimento 100% completo e balanceado. Sem aroma artificial. Cozidos a vapor. Ajuda a manter a sa\u00fade do trato urin\u00e1rio. Proporciona \u00f3tima qualidade de fezes.<\/p>\n","protected":false},"featured_media":882,"comment_status":"open","ping_status":"closed","template":"","meta":[],"product_brand":[],"product_cat":[98,89],"product_tag":[],"class_list":{"0":"post-881","1":"product","2":"type-product","3":"status-publish","4":"has-post-thumbnail","6":"product_cat-latas-de-pate","7":"product_cat-petiscos-gatos","9":"first","10":"instock","11":"shipping-taxable","12":"purchasable","13":"product-type-simple"},"_links":{"self":[{"href":"https:\/\/cersulpetshop.com.br\/produtos\/index.php?rest_route=\/wp\/v2\/product\/881","targetHints":{"allow":["GET"]}}],"collection":[{"href":"https:\/\/cersulpetshop.com.br\/produtos\/index.php?rest_route=\/wp\/v2\/product"}],"about":[{"href":"https:\/\/cersulpetshop.com.br\/produtos\/index.php?rest_route=\/wp\/v2\/types\/product"}],"replies":[{"embeddable":true,"href":"https:\/\/cersulpetshop.com.br\/produtos\/index.php?rest_route=%2Fwp%2Fv2%2Fcomments&post=881"}],"wp:featuredmedia":[{"embeddable":true,"href":"https:\/\/cersulpetshop.com.br\/produtos\/index.php?rest_route=\/wp\/v2\/media\/882"}],"wp:attachment":[{"href":"https:\/\/cersulpetshop.com.br\/produtos\/index.php?rest_route=%2Fwp%2Fv2%2Fmedia&parent=881"}],"wp:term":[{"taxonomy":"product_brand","embeddable":true,"href":"https:\/\/cersulpetshop.com.br\/produtos\/index.php?rest_route=%2Fwp%2Fv2%2Fproduct_brand&post=881"},{"taxonomy":"product_cat","embeddable":true,"href":"https:\/\/cersulpetshop.com.br\/produtos\/index.php?rest_route=%2Fwp%2Fv2%2Fproduct_cat&post=881"},{"taxonomy":"product_tag","embeddable":true,"href":"https:\/\/cersulpetshop.com.br\/produtos\/index.php?rest_route=%2Fwp%2Fv2%2Fproduct_tag&post=881"}],"curies":[{"name":"wp","href":"https:\/\/api.w.org\/{rel}","templated":true}]}}