{"id":888,"date":"2025-09-10T15:16:03","date_gmt":"2025-09-10T18:16:03","guid":{"rendered":"https:\/\/cersulpetshop.com.br\/produtos\/?post_type=product&#038;p=888"},"modified":"2025-09-10T15:17:42","modified_gmt":"2025-09-10T18:17:42","slug":"faro-carne-280g","status":"publish","type":"product","link":"https:\/\/cersulpetshop.com.br\/produtos\/?product=faro-carne-280g","title":{"rendered":"FARO GATO FILHOTE CARNE 280G"},"content":{"rendered":"<p>&#8211; Cont\u00e9m vitaminas e minerais essenciais que contribuem para a manuten\u00e7\u00e3o do sistema imunol\u00f3gico;<br \/>\n&#8211; Feita com ingredientes funcionais que ajudam a manter o bom funcionamento e equil\u00edbrio do intestino;<br \/>\n&#8211; Contribui para a sa\u00fade da pele e ajuda a manter o pelo brilhante, deixando o seu c\u00e3o sempre bonito e saud\u00e1vel.<\/p>\n","protected":false},"excerpt":{"rendered":"<p>&#8211; Cont\u00e9m vitaminas e minerais essenciais que contribuem para a manuten\u00e7\u00e3o do sistema imunol\u00f3gico; &#8211; Feita com ingredientes funcionais que ajudam a manter o bom funcionamento e equil\u00edbrio do intestino; &#8211; Contribui para a sa\u00fade da pele e ajuda a manter o pelo brilhante, deixando o seu c\u00e3o sempre bonito e saud\u00e1vel.<\/p>\n","protected":false},"featured_media":889,"comment_status":"open","ping_status":"closed","template":"","meta":[],"product_brand":[],"product_cat":[98,89],"product_tag":[],"class_list":{"0":"post-888","1":"product","2":"type-product","3":"status-publish","4":"has-post-thumbnail","6":"product_cat-latas-de-pate","7":"product_cat-petiscos-gatos","9":"first","10":"instock","11":"shipping-taxable","12":"purchasable","13":"product-type-simple"},"_links":{"self":[{"href":"https:\/\/cersulpetshop.com.br\/produtos\/index.php?rest_route=\/wp\/v2\/product\/888","targetHints":{"allow":["GET"]}}],"collection":[{"href":"https:\/\/cersulpetshop.com.br\/produtos\/index.php?rest_route=\/wp\/v2\/product"}],"about":[{"href":"https:\/\/cersulpetshop.com.br\/produtos\/index.php?rest_route=\/wp\/v2\/types\/product"}],"replies":[{"embeddable":true,"href":"https:\/\/cersulpetshop.com.br\/produtos\/index.php?rest_route=%2Fwp%2Fv2%2Fcomments&post=888"}],"wp:featuredmedia":[{"embeddable":true,"href":"https:\/\/cersulpetshop.com.br\/produtos\/index.php?rest_route=\/wp\/v2\/media\/889"}],"wp:attachment":[{"href":"https:\/\/cersulpetshop.com.br\/produtos\/index.php?rest_route=%2Fwp%2Fv2%2Fmedia&parent=888"}],"wp:term":[{"taxonomy":"product_brand","embeddable":true,"href":"https:\/\/cersulpetshop.com.br\/produtos\/index.php?rest_route=%2Fwp%2Fv2%2Fproduct_brand&post=888"},{"taxonomy":"product_cat","embeddable":true,"href":"https:\/\/cersulpetshop.com.br\/produtos\/index.php?rest_route=%2Fwp%2Fv2%2Fproduct_cat&post=888"},{"taxonomy":"product_tag","embeddable":true,"href":"https:\/\/cersulpetshop.com.br\/produtos\/index.php?rest_route=%2Fwp%2Fv2%2Fproduct_tag&post=888"}],"curies":[{"name":"wp","href":"https:\/\/api.w.org\/{rel}","templated":true}]}}