{"id":895,"date":"2025-09-10T15:27:01","date_gmt":"2025-09-10T18:27:01","guid":{"rendered":"https:\/\/cersulpetshop.com.br\/produtos\/?post_type=product&#038;p=895"},"modified":"2025-09-10T15:27:01","modified_gmt":"2025-09-10T18:27:01","slug":"chanin-premium-carne-e-frango-280g","status":"publish","type":"product","link":"https:\/\/cersulpetshop.com.br\/produtos\/?product=chanin-premium-carne-e-frango-280g","title":{"rendered":"CHANIN PREMIUM CARNE E FRANGO 280G"},"content":{"rendered":"<p>CHANIN PREMIUM SABOR CARNE E FRANGO \u00e9 um alimento \u00famido, completo e balanceado indicado para a alimenta\u00e7\u00e3o de gatos em crescimento e adultos de qualquer ra\u00e7a. Como alimento \u00famido \u00e9 importante ferramenta para estimular a ingest\u00e3o de \u00e1gua, principalmente em gatos ap\u00f3s os sete anos de idade, quando eles tendem a diminuir a ingest\u00e3o de l\u00edquidos, o que favorece o aparecimento da s\u00edndrome urol\u00f3gica felina e a forma\u00e7\u00e3o de c\u00e1lculos renais.<\/p>\n","protected":false},"excerpt":{"rendered":"<p>CHANIN PREMIUM SABOR CARNE E FRANGO \u00e9 um alimento \u00famido, completo e balanceado indicado para a alimenta\u00e7\u00e3o de gatos em crescimento e adultos de qualquer ra\u00e7a. Como alimento \u00famido \u00e9 importante ferramenta para estimular a ingest\u00e3o de \u00e1gua, principalmente em gatos ap\u00f3s os sete anos de idade, quando eles tendem a diminuir a ingest\u00e3o de [&hellip;]<\/p>\n","protected":false},"featured_media":896,"comment_status":"open","ping_status":"closed","template":"","meta":[],"product_brand":[],"product_cat":[98,89],"product_tag":[],"class_list":{"0":"post-895","1":"product","2":"type-product","3":"status-publish","4":"has-post-thumbnail","6":"product_cat-latas-de-pate","7":"product_cat-petiscos-gatos","9":"first","10":"instock","11":"shipping-taxable","12":"purchasable","13":"product-type-simple"},"_links":{"self":[{"href":"https:\/\/cersulpetshop.com.br\/produtos\/index.php?rest_route=\/wp\/v2\/product\/895","targetHints":{"allow":["GET"]}}],"collection":[{"href":"https:\/\/cersulpetshop.com.br\/produtos\/index.php?rest_route=\/wp\/v2\/product"}],"about":[{"href":"https:\/\/cersulpetshop.com.br\/produtos\/index.php?rest_route=\/wp\/v2\/types\/product"}],"replies":[{"embeddable":true,"href":"https:\/\/cersulpetshop.com.br\/produtos\/index.php?rest_route=%2Fwp%2Fv2%2Fcomments&post=895"}],"wp:featuredmedia":[{"embeddable":true,"href":"https:\/\/cersulpetshop.com.br\/produtos\/index.php?rest_route=\/wp\/v2\/media\/896"}],"wp:attachment":[{"href":"https:\/\/cersulpetshop.com.br\/produtos\/index.php?rest_route=%2Fwp%2Fv2%2Fmedia&parent=895"}],"wp:term":[{"taxonomy":"product_brand","embeddable":true,"href":"https:\/\/cersulpetshop.com.br\/produtos\/index.php?rest_route=%2Fwp%2Fv2%2Fproduct_brand&post=895"},{"taxonomy":"product_cat","embeddable":true,"href":"https:\/\/cersulpetshop.com.br\/produtos\/index.php?rest_route=%2Fwp%2Fv2%2Fproduct_cat&post=895"},{"taxonomy":"product_tag","embeddable":true,"href":"https:\/\/cersulpetshop.com.br\/produtos\/index.php?rest_route=%2Fwp%2Fv2%2Fproduct_tag&post=895"}],"curies":[{"name":"wp","href":"https:\/\/api.w.org\/{rel}","templated":true}]}}